{"id":1115,"date":"2022-09-23T13:48:59","date_gmt":"2022-09-23T11:48:59","guid":{"rendered":"https:\/\/lebulbeaplumes.art\/?post_type=product&#038;p=1115"},"modified":"2025-03-08T22:46:03","modified_gmt":"2025-03-08T21:46:03","slug":"ceci-est-un-message-damour-serie-a","status":"publish","type":"product","link":"https:\/\/lebulbeaplumes.art\/index.php\/produit\/ceci-est-un-message-damour-serie-a\/","title":{"rendered":"Ceci est un Message d&rsquo;Amour &#8211; s\u00e9rie A"},"content":{"rendered":"<p>\u00ab\u00a0Ceci est un Message d&rsquo;Amour\u00a0\u00bb est une gravure enti\u00e8rement r\u00e9alis\u00e9e \u00e0 la main.<\/p>\n<p><strong>Chaque exemplaire est unique, num\u00e9rot\u00e9 et sign\u00e9.<\/strong><\/p>\n<p>Le texte a \u00e9t\u00e9 \u00e9crit manuellement, puis transf\u00e9r\u00e9 \u00e0 l&rsquo;envers sur une plaque vinyle. J&rsquo;ai ensuite grav\u00e9 cette plaque et r\u00e9alis\u00e9 les impressions manuelles de chaque petite affiche A5.<\/p>\n<p>Cette illustration existe en 4 s\u00e9ries au format A5 (nomm\u00e9es A, B, C et D), chacune \u00e9tant limit\u00e9e \u00e0 10 exemplaires num\u00e9rot\u00e9s et sign\u00e9s, ainsi qu&rsquo;en 2 s\u00e9ries au format carte postale carr\u00e9e, chacune \u00e9tant limit\u00e9e \u00e0 8 exemplaires.<\/p>\n<p>La \u00ab\u00a0s\u00e9rie A\u00a0\u00bb est imprim\u00e9e avec une encre \u00e0 l&rsquo;eau rouge, sur un papier blanc de 250g\/m<sup>2<\/sup>. Cela cr\u00e9e un contraste assez fort entre le papier et l&rsquo;encre, pour un message bien visible.<\/p>\n<p>Si vous avez une pr\u00e9f\u00e9rence quant \u00e0 la quantit\u00e9 d&rsquo;encre (plus ou moins importante) de votre gravure, merci de le pr\u00e9ciser lors de votre commande (ou de m&rsquo;envoyer un message en parall\u00e8le). Je ferai mon possible pour vous satisfaire, selon les exemplaires qu&rsquo;il me reste.<\/p>\n<p>Vous pouvez l&rsquo;utiliser en d\u00e9coration, encadr\u00e9e ou non, accroch\u00e9e \u00e0 un mur, pos\u00e9e sur une \u00e9tag\u00e8re, gliss\u00e9e dans un bouquet de fleurs sauvages&#8230; Pour se laisser inspirer au quotidien.<\/p>\n<p>&#8212;-<\/p>\n<p><em><strong>Emballage et envoi :<\/strong><\/em> dans un soucis de pr\u00e9servation des ressources et de la nature, nous privil\u00e9gions les emballages r\u00e9cup\u00e9r\u00e9s, recyclables et\/ou recycl\u00e9s. <strong>Ceci est une boutique d&rsquo;art, mais l&#8217;emballage de l&rsquo;article ne sera peut-\u00eatre pas une \u0153uvre d&rsquo;art ! <\/strong>Merci de votre compr\u00e9hension.<strong><em><br \/>\n<\/em><\/strong>S&rsquo;il s&rsquo;agit d&rsquo;un cadeau, merci de le pr\u00e9ciser lors de la commande, pour que l&#8217;emballage soit plus joli !<\/p>\n","protected":false},"excerpt":{"rendered":"<p>\u00ab\u00a0Ceci est un Message d&rsquo;Amour\u00a0\u00bb est une gravure A5 enti\u00e8rement r\u00e9alis\u00e9e \u00e0 la main, de la \u00ab\u00a0S\u00e9rie A\u00a0\u00bb limit\u00e9e \u00e0 10 exemplaires.<\/p>\n<p><strong>Chaque exemplaire est unique, num\u00e9rot\u00e9 et sign\u00e9.<\/strong><\/p>\n","protected":false},"featured_media":1117,"comment_status":"closed","ping_status":"closed","template":"","meta":{"jetpack_post_was_ever_published":false},"product_brand":[],"product_cat":[37],"product_tag":[],"class_list":{"0":"post-1115","1":"product","2":"type-product","3":"status-publish","4":"has-post-thumbnail","6":"product_cat-gravures","7":"product_shipping_class-plume-a5","8":"pa_format-a5","9":"pa_orientation-portrait","11":"first","12":"instock","13":"taxable","14":"shipping-taxable","15":"purchasable","16":"product-type-simple"},"jetpack_sharing_enabled":true,"_links":{"self":[{"href":"https:\/\/lebulbeaplumes.art\/index.php\/wp-json\/wp\/v2\/product\/1115","targetHints":{"allow":["GET"]}}],"collection":[{"href":"https:\/\/lebulbeaplumes.art\/index.php\/wp-json\/wp\/v2\/product"}],"about":[{"href":"https:\/\/lebulbeaplumes.art\/index.php\/wp-json\/wp\/v2\/types\/product"}],"replies":[{"embeddable":true,"href":"https:\/\/lebulbeaplumes.art\/index.php\/wp-json\/wp\/v2\/comments?post=1115"}],"wp:featuredmedia":[{"embeddable":true,"href":"https:\/\/lebulbeaplumes.art\/index.php\/wp-json\/wp\/v2\/media\/1117"}],"wp:attachment":[{"href":"https:\/\/lebulbeaplumes.art\/index.php\/wp-json\/wp\/v2\/media?parent=1115"}],"wp:term":[{"taxonomy":"product_brand","embeddable":true,"href":"https:\/\/lebulbeaplumes.art\/index.php\/wp-json\/wp\/v2\/product_brand?post=1115"},{"taxonomy":"product_cat","embeddable":true,"href":"https:\/\/lebulbeaplumes.art\/index.php\/wp-json\/wp\/v2\/product_cat?post=1115"},{"taxonomy":"product_tag","embeddable":true,"href":"https:\/\/lebulbeaplumes.art\/index.php\/wp-json\/wp\/v2\/product_tag?post=1115"}],"curies":[{"name":"wp","href":"https:\/\/api.w.org\/{rel}","templated":true}]}}