{"id":72,"date":"2021-09-22T18:09:31","date_gmt":"2021-09-22T16:09:31","guid":{"rendered":"http:\/\/lebulbeaplumes.art\/?page_id=72"},"modified":"2026-02-26T00:48:46","modified_gmt":"2026-02-25T23:48:46","slug":"accueil","status":"publish","type":"page","link":"https:\/\/lebulbeaplumes.art\/","title":{"rendered":"Accueil"},"content":{"rendered":"\n<p class=\"has-text-align-center\"><strong><em>Le Bulbe \u00e0 Plumes, c&rsquo;est l&rsquo;univers artistique de Caroline Dewaele, alias cAro.<\/em><\/strong><\/p>\n\n\n\n<p class=\"has-text-align-center\">L&rsquo;art que je pratique ressemble \u00e0 la fa\u00e7on dont je per\u00e7ois le monde : un univers sensible de po\u00e9sie, de couleurs, d&rsquo;ambiances, de messages, de symboles et de vie.<\/p>\n\n\n\n<p class=\"has-text-align-center\">Je suis une amoureuse de la vie sous toutes ses formes, mat\u00e9rielles et spirituelles, et j&rsquo;aime \u00e0 inviter \u00e0 un autre regard sur elle. Sur la vie qui vous habite, sur la vie qui habite tout.<br>Je suis une m\u00e9diatrice entre le visible et l&rsquo;invisible, entre l&rsquo;humain et son monde int\u00e9rieur, entre l&rsquo;humain et les animaux, entre le pass\u00e9 et le pr\u00e9sent, entre les vivants et les d\u00e9funts, entre le corps et l&rsquo;esprit.<\/p>\n\n\n\n<p class=\"has-text-align-center\">Mon art nait de cette volont\u00e9 qui s&rsquo;exprime \u00e0 travers tous les moyens d&rsquo;expression dont je dispose, allant de l&rsquo;\u00e9criture au dessin, du graphisme au papier, en passant par la sc\u00e8ne, la voix et le mouvement, le tout nourri de m\u00e9ditations, de recherches, d&rsquo;\u00e9coutes&#8230; Toujours dans un style onirique et po\u00e9tique empli de symboliques.<\/p>\n\n\n\n<p class=\"has-text-align-center\"><br><strong>Je propose des illustrations et portraits sensibles, des slams et po\u00e9sies, des histoires dessin\u00e9es, \u00e9crites ou cont\u00e9es, des \u2018lectures vivantes\u2019 et quelques spectacles, pour inviter chacun \u00e0 se reconnecter \u00e0 sa nature profonde et unique.<\/strong><br><strong>Le tout pouvant \u00eatre &lsquo;sur-mesure&rsquo; pour vous correspondre encore plus.<\/strong><br>Je propose \u00e9galement le graphisme et la mise en page de livres, livrets, affiches, et autres supports destin\u00e9s \u00e0 l\u2019\u00e9dition papier ou num\u00e9rique.<\/p>\n\n\n\n<p class=\"has-text-align-center\">Je vous souhaite la bienvenue et un beau voyage dans cette vision du monde !<\/p>\n\n\n\n<blockquote class=\"wp-block-quote has-text-align-right is-layout-flow wp-block-quote-is-layout-flow\">\n<p class=\"has-text-align-center\">\u00ab\u00a0\u00c0 toi de voir, <br>\u00e0 toi de percevoir, <br>\u00e0 toi d&rsquo;entendre et de comprendre <br>le message que toi seul-e peux capter<br>dans ce que je vais te conter.<br>\u00c0 toi de choisir de le laisser r\u00e9sonner,<br>de le laisser grandir, ou bien de l&rsquo;oublier.<br>Moi, je ne suis qu&rsquo;une passeuse.<br>Une passeuse de messages, une passeuse de courage,<br>une passeuse&#8230; d&rsquo;\u00c2me.\u00a0\u00bb<\/p>\n<cite>cAro &#8211; extrait du slam \u00ab\u00a0La Passeuse\u00a0\u00bb<\/cite><\/blockquote>\n\n\n\n<p class=\"has-text-align-center\"><\/p>\n","protected":false},"excerpt":{"rendered":"<p>Le Bulbe \u00e0 Plumes, c&rsquo;est l&rsquo;univers artistique de Caroline Dewaele, alias cAro. L&rsquo;art que je pratique ressemble \u00e0 la fa\u00e7on dont je per\u00e7ois le monde : un univers sensible de po\u00e9sie, de couleurs, d&rsquo;ambiances, de messages, de symboles et de vie. Je suis une amoureuse de la vie sous toutes ses formes, mat\u00e9rielles et spirituelles, &hellip; <\/p>\n","protected":false},"author":1,"featured_media":0,"parent":0,"menu_order":0,"comment_status":"closed","ping_status":"closed","template":"","meta":{"jetpack_post_was_ever_published":false,"footnotes":""},"class_list":["post-72","page","type-page","status-publish","hentry"],"jetpack_sharing_enabled":true,"_links":{"self":[{"href":"https:\/\/lebulbeaplumes.art\/index.php\/wp-json\/wp\/v2\/pages\/72","targetHints":{"allow":["GET"]}}],"collection":[{"href":"https:\/\/lebulbeaplumes.art\/index.php\/wp-json\/wp\/v2\/pages"}],"about":[{"href":"https:\/\/lebulbeaplumes.art\/index.php\/wp-json\/wp\/v2\/types\/page"}],"author":[{"embeddable":true,"href":"https:\/\/lebulbeaplumes.art\/index.php\/wp-json\/wp\/v2\/users\/1"}],"replies":[{"embeddable":true,"href":"https:\/\/lebulbeaplumes.art\/index.php\/wp-json\/wp\/v2\/comments?post=72"}],"version-history":[{"count":30,"href":"https:\/\/lebulbeaplumes.art\/index.php\/wp-json\/wp\/v2\/pages\/72\/revisions"}],"predecessor-version":[{"id":5156,"href":"https:\/\/lebulbeaplumes.art\/index.php\/wp-json\/wp\/v2\/pages\/72\/revisions\/5156"}],"wp:attachment":[{"href":"https:\/\/lebulbeaplumes.art\/index.php\/wp-json\/wp\/v2\/media?parent=72"}],"curies":[{"name":"wp","href":"https:\/\/api.w.org\/{rel}","templated":true}]}}