{"id":1083,"date":"2022-09-22T17:38:40","date_gmt":"2022-09-22T15:38:40","guid":{"rendered":"https:\/\/lebulbeaplumes.art\/?page_id=1083"},"modified":"2023-09-24T00:31:40","modified_gmt":"2023-09-23T22:31:40","slug":"autres-elements-de-communication","status":"publish","type":"page","link":"https:\/\/lebulbeaplumes.art\/index.php\/autres-elements-de-communication\/","title":{"rendered":"Autres \u00e9l\u00e9ments de communication"},"content":{"rendered":"\n<blockquote class=\"wp-block-quote is-layout-flow wp-block-quote-is-layout-flow\"><p><small>Je vous aide \u00e0 communiquer l&rsquo;essence de votre activit\u00e9 ou \u00e9v\u00e8nement.<\/small><\/p><\/blockquote>\n\n\n\n<p>Je vous aide \u00e9galement \u00e0 communiquer sur votre activit\u00e9 ou vos \u00e9v\u00e8nements de plusieurs fa\u00e7ons :<\/p>\n\n\n\n<ul class=\"wp-block-list\"><li>conception d&rsquo;affiche, flyer, banni\u00e8re imprim\u00e9e, kakemono, sticker, etc. selon les recommandations de votre imprimeur ; version virtuelle de ces \u00e9l\u00e9ments de communication, selon les normes des plateformes sur lesquelles vous souhaitez les publier<\/li><li>mise en situation virtuelle de vos produits (livre en 3D, tableau accroch\u00e9 \u00e0 un mur&#8230;)<\/li><li>cr\u00e9ation d&rsquo;ebook, type \u00ab\u00a0livre blanc\u00a0\u00bb<\/li><li>conception de couverture, jaquette, livret et rondelle de CD<\/li><li>conception de produits d\u00e9riv\u00e9s<\/li><li>conception de graphisme pour textile<\/li><li>webdesign<\/li><li>&#8230;<\/li><\/ul>\n\n\n\n<p>Je mets \u00e0 votre service mon expertise et mes comp\u00e9tences d\u00e9velopp\u00e9es depuis pr\u00e8s de 20 ans (\u00e7a ne me rajeunit pas&#8230;) dans le domaine de la photocomposition et du webdesign, alli\u00e9es \u00e0 mes comp\u00e9tences d&rsquo;illustratrice, pour cr\u00e9er une communication qui vous ressemble. <\/p>\n\n\n\n<h2 class=\"wp-block-heading\">Processus de cr\u00e9ation<\/h2>\n\n\n\n<p>Voici le processus g\u00e9n\u00e9ral que je suis lors de la cr\u00e9ation :<\/p>\n\n\n\n<ul class=\"wp-block-list\"><li>nous commen\u00e7ons par un <strong><em>brief<\/em><\/strong> de votre part : le type d\u2019imprim\u00e9 souhait\u00e9, son volume, son style, sa complexit\u00e9, son format, l\u2019utilisation qui en sera faite, le support sur lequel il sera reproduit, sa diffusion (zone g\u00e9ographique, nombre d\u2019exemplaires&#8230;), le d\u00e9lai, le budget pr\u00e9vu s\u2019il y en a un, qui vous \u00eates, ce que vous souhaitez communiquer, les sp\u00e9cifications techniques si elles sont connues etc. et s\u2019il y a d\u2019autres prestations pr\u00e9vues au m\u00eame moment (par exemple : une illustration pour une affiche + la mise en page de cette affiche) ou fait suite \u00e0 une autre prestation (logo par exemple).<\/li><li>je fais des <strong><em>recherches<\/em><\/strong>, qui peuvent prendre plus ou moins de temps : je &lsquo;m&rsquo;impr\u00e8gne&rsquo; de l&rsquo;\u00e9v\u00e8nement, du livre, de la musique, me renseigne sur l\u2019ambiance, le public vis\u00e9&#8230;<\/li><li>je vous pr\u00e9sente un ou deux <strong><em>essais<\/em><\/strong> pour que vous puissiez en valider un (apr\u00e8s vos \u00e9ventuelles demandes de retouches) qui servira de base \u00e0 la cr\u00e9ation finalis\u00e9e<\/li><li>je cr\u00e9e la <strong><em>mise en page finale<\/em><\/strong> de l&rsquo;imprim\u00e9 ou le <strong><em>webdesign d\u00e9taill\u00e9<\/em><\/strong>, avec des allers-retours pour les retouches de textes, etc. Ce faisant, je relis toujours rapidement le texte (\u00e0 la recherche de fautes de frappe, d\u2019orthographe, de syntaxe, de grammaire\u2026 qui me \u2018sautent\u2019 aux yeux)\u00a0; et parfois, selon la demande, je peux faire une relecture plus approfondie, voire proposer des r\u00e9\u00e9critures.<\/li><li>une fois l\u2019ensemble valid\u00e9, je cr\u00e9e le <strong><em>fichier aux normes demand\u00e9es<\/em><\/strong> par l\u2019imprimeur ou fais un fichier explicatif d\u00e9taill\u00e9 pour l&rsquo;int\u00e9gration du webdesign sur le site par un int\u00e9grateur ou un d\u00e9veloppeur.<\/li><li>je peux \u00e9galement <strong><em>cr\u00e9er une version web<\/em><\/strong>, ainsi que des <strong><em>images pour la communication<\/em><\/strong>. Et nous pouvons continuer avec d&rsquo;autres \u00e9l\u00e9ments de communication (\u00e9v\u00e9nementiel, charte graphique&#8230;).<\/li><\/ul>\n\n\n\n<h2 class=\"wp-block-heading\">Tarifs<\/h2>\n\n\n\n<p>Pour avoir une id\u00e9e des tarifs que je pratique, je vous invite \u00e0 lire ces deux articles :<\/p>\n\n\n\n<ul class=\"wp-block-list\"><li><a rel=\"noreferrer noopener\" href=\"https:\/\/lebulbeaplumes.art\/index.php\/2022\/08\/10\/troc-echange-prix-libre-prix-conscient-tarif-fixe-don\/\" data-type=\"URL\" data-id=\"https:\/\/lebulbeaplumes.art\/index.php\/2022\/08\/10\/troc-echange-prix-libre-prix-conscient-tarif-fixe-don\/\" target=\"_blank\">Troc, \u00e9change, prix libre et conscient&#8230;<\/a><\/li><li><a rel=\"noreferrer noopener\" href=\"https:\/\/lebulbeaplumes.art\/index.php\/2023\/09\/21\/mes-tarifs\/\" data-type=\"URL\" data-id=\"https:\/\/lebulbeaplumes.art\/index.php\/2023\/09\/21\/mes-tarifs\/\" target=\"_blank\">Mes tarifs<\/a><\/li><\/ul>\n","protected":false},"excerpt":{"rendered":"<p>Je vous aide \u00e0 communiquer l&rsquo;essence de votre activit\u00e9 ou \u00e9v\u00e8nement. Je vous aide \u00e9galement \u00e0 communiquer sur votre activit\u00e9 ou vos \u00e9v\u00e8nements de plusieurs fa\u00e7ons : conception d&rsquo;affiche, flyer, banni\u00e8re imprim\u00e9e, kakemono, sticker, etc. selon les recommandations de votre imprimeur ; version virtuelle de ces \u00e9l\u00e9ments de communication, selon les normes des plateformes sur &hellip; <\/p>\n","protected":false},"author":1,"featured_media":0,"parent":0,"menu_order":0,"comment_status":"closed","ping_status":"closed","template":"","meta":{"jetpack_post_was_ever_published":false,"footnotes":""},"class_list":["post-1083","page","type-page","status-publish","hentry"],"jetpack_sharing_enabled":true,"_links":{"self":[{"href":"https:\/\/lebulbeaplumes.art\/index.php\/wp-json\/wp\/v2\/pages\/1083","targetHints":{"allow":["GET"]}}],"collection":[{"href":"https:\/\/lebulbeaplumes.art\/index.php\/wp-json\/wp\/v2\/pages"}],"about":[{"href":"https:\/\/lebulbeaplumes.art\/index.php\/wp-json\/wp\/v2\/types\/page"}],"author":[{"embeddable":true,"href":"https:\/\/lebulbeaplumes.art\/index.php\/wp-json\/wp\/v2\/users\/1"}],"replies":[{"embeddable":true,"href":"https:\/\/lebulbeaplumes.art\/index.php\/wp-json\/wp\/v2\/comments?post=1083"}],"version-history":[{"count":8,"href":"https:\/\/lebulbeaplumes.art\/index.php\/wp-json\/wp\/v2\/pages\/1083\/revisions"}],"predecessor-version":[{"id":2258,"href":"https:\/\/lebulbeaplumes.art\/index.php\/wp-json\/wp\/v2\/pages\/1083\/revisions\/2258"}],"wp:attachment":[{"href":"https:\/\/lebulbeaplumes.art\/index.php\/wp-json\/wp\/v2\/media?parent=1083"}],"curies":[{"name":"wp","href":"https:\/\/api.w.org\/{rel}","templated":true}]}}